{"id":683,"date":"2015-07-02T12:45:35","date_gmt":"2015-07-02T10:45:35","guid":{"rendered":"https:\/\/www.lamphangers.com\/azienda-2\/"},"modified":"2024-01-29T13:33:46","modified_gmt":"2024-01-29T12:33:46","slug":"entreprise","status":"publish","type":"page","link":"https:\/\/www.lamphangers.com\/fr\/entreprise\/","title":{"rendered":"Entreprise"},"content":{"rendered":"<p>La firme LAMPLASTIC a \u00e9t\u00e9 cr\u00e9\u00e9e en 1958 \u00e0 S. Martino di Lupari (PD) par Antonello Corrado.<\/p>\n<p>A l\u2019\u00e9poque, il exer\u00e7ait l\u2019activit\u00e9 de menuisier, mais lors d\u2019une visite \u00e0 la foire de Padoue, il entrevit la possibilit\u00e9 de se lancer sur le nouveau march\u00e9 des mati\u00e8res plastiques.<br \/>\n<strong>En 1982 l&#8217;entreprise s\u2019est install\u00e9e dans son si\u00e8ge actuel, situ\u00e9 dans la zone industrielle de Villa del Conte o\u00f9 elle s\u2019est sp\u00e9cialis\u00e9e dans la fabrication de CINTRES EN PLASTIQUE.<\/strong><\/p>\n<p style=\"font-weight: 300;\">Cela fait maintenant plus de trente ans que nous fabriquons des <a title=\"Cintres en plastique\" href=\"\/fr\/c\/cintres-en-plastique\/\" target=\"_blank\"><strong>cintres en plastique<\/strong><\/a> et en bois en mesure de satisfaire toutes les exigences de l\u2019industrie de l\u2019habillement pour homme, femme et enfant, avec les accessoires indispensables.<\/p>\n<p>Les finitions sp\u00e9ciales, allant du velours \u00e9l\u00e9gant au mat\u00e9riau antiglisse plus \u00e9conomique, s\u2019unissent \u00e0 la personnalisation devenue d\u00e9sormais un \u00e9l\u00e9ment indispensable et essentiel pour pouvoir se distinguer sur un march\u00e9 de plus en plus global.<\/p>\n<p>Dans un secteur comme celui de la mode, en perp\u00e9tuelle \u00e9volution, il est primordial de savoir rester dans l&#8217;air du temps et nos investissements continuels dans des \u00e9quipements de pointe nous permettent de d\u00e9velopper de nouveaux designs et d\u2019am\u00e9liorer sans cesse la qualit\u00e9 de nos cintres.<\/p>\n<hr \/>\n<h5 style=\"font-weight: 300; color: #009747;\">Notre gamme de produits est compl\u00e8te et offre la possibilit\u00e9 d\u2019\u00e9tudier des solutions ad hoc pour satisfaire la client\u00e8le la plus exigeante: L\u2019objectif prioritaire de LAMPLASTIC est la recherche de solution avant-gardistes au niveau de la fonctionnalit\u00e9, du design et de la s\u00e9curit\u00e9 des CINTRES EN PLASTIQUE qui sont propos\u00e9s \u00e0 la client\u00e8le avec un service efficace et rapide.<\/h5>\n<p>Notre personnel se tient \u00e0 votre disposition pour le choix de vos articles avec l\u2019amabilit\u00e9 et l\u2019exp\u00e9rience qui nous caract\u00e9risent.<\/p>\n","protected":false},"excerpt":{"rendered":"<p>La firme LAMPLASTIC a \u00e9t\u00e9 cr\u00e9\u00e9e en 1958 \u00e0 S. Martino di Lupari (PD) par Antonello Corrado. A l\u2019\u00e9poque, il exer\u00e7ait l\u2019activit\u00e9 de menuisier, mais lors d\u2019une visite \u00e0 la foire de Padoue, il entrevit la possibilit\u00e9 de se lancer sur le nouveau march\u00e9 des mati\u00e8res plastiques. En 1982 l&#8217;entreprise s\u2019est install\u00e9e dans son si\u00e8ge [&hellip;]<\/p>\n","protected":false},"author":61,"featured_media":0,"parent":0,"menu_order":0,"comment_status":"closed","ping_status":"open","template":"","meta":{"footnotes":""},"class_list":["post-683","page","type-page","status-publish","hentry"],"yoast_head":"<!-- This site is optimized with the Yoast SEO plugin v27.1.1 - https:\/\/yoast.com\/product\/yoast-seo-wordpress\/ -->\n<title>L&#039;ENTREPRISE - Lamplastic fabrique des cintres en plastique et en bois<\/title>\n<meta name=\"description\" content=\"Notre gamme de cintres et d&#039;accessoires en plastique est compl\u00e8te et permet de r\u00e9pondre aux demandes de notre client\u00e8le la plus exigeante\" \/>\n<meta name=\"robots\" content=\"index, follow, max-snippet:-1, max-image-preview:large, max-video-preview:-1\" \/>\n<link rel=\"canonical\" href=\"https:\/\/www.lamphangers.com\/azienda\/\" \/>\n<meta property=\"og:locale\" content=\"fr_FR\" \/>\n<meta property=\"og:type\" content=\"article\" \/>\n<meta property=\"og:title\" content=\"L&#039;ENTREPRISE - Lamplastic fabrique des cintres en plastique et en bois\" \/>\n<meta property=\"og:description\" content=\"Notre gamme de cintres et d&#039;accessoires en plastique est compl\u00e8te et permet de r\u00e9pondre aux demandes de notre client\u00e8le la plus exigeante\" \/>\n<meta property=\"og:url\" content=\"https:\/\/www.lamphangers.com\/azienda\/\" \/>\n<meta property=\"og:site_name\" content=\"LA.M.PLASTIC\" \/>\n<meta property=\"article:modified_time\" content=\"2024-01-29T12:33:46+00:00\" \/>\n<meta name=\"twitter:card\" content=\"summary_large_image\" \/>\n<meta name=\"twitter:label1\" content=\"Est. reading time\" \/>\n\t<meta name=\"twitter:data1\" content=\"2 minutes\" \/>\n<script type=\"application\/ld+json\" class=\"yoast-schema-graph\">{\"@context\":\"https:\/\/schema.org\",\"@graph\":[{\"@type\":\"WebPage\",\"@id\":\"https:\/\/www.lamphangers.com\/azienda\/\",\"url\":\"https:\/\/www.lamphangers.com\/azienda\/\",\"name\":\"L'ENTREPRISE - Lamplastic fabrique des cintres en plastique et en bois\",\"isPartOf\":{\"@id\":\"https:\/\/www.lamphangers.com\/#website\"},\"datePublished\":\"2015-07-02T10:45:35+00:00\",\"dateModified\":\"2024-01-29T12:33:46+00:00\",\"description\":\"Notre gamme de cintres et d'accessoires en plastique est compl\u00e8te et permet de r\u00e9pondre aux demandes de notre client\u00e8le la plus exigeante\",\"breadcrumb\":{\"@id\":\"https:\/\/www.lamphangers.com\/azienda\/#breadcrumb\"},\"inLanguage\":\"fr-FR\",\"potentialAction\":[{\"@type\":\"ReadAction\",\"target\":[\"https:\/\/www.lamphangers.com\/azienda\/\"]}]},{\"@type\":\"BreadcrumbList\",\"@id\":\"https:\/\/www.lamphangers.com\/azienda\/#breadcrumb\",\"itemListElement\":[{\"@type\":\"ListItem\",\"position\":1,\"name\":\"Home\",\"item\":\"https:\/\/www.lamphangers.com\/fr\/\"},{\"@type\":\"ListItem\",\"position\":2,\"name\":\"Entreprise\"}]},{\"@type\":\"WebSite\",\"@id\":\"https:\/\/www.lamphangers.com\/#website\",\"url\":\"https:\/\/www.lamphangers.com\/\",\"name\":\"LA.M.PLASTIC\",\"description\":\"produzione appendiabiti e stampaggio materie plastiche\",\"potentialAction\":[{\"@type\":\"SearchAction\",\"target\":{\"@type\":\"EntryPoint\",\"urlTemplate\":\"https:\/\/www.lamphangers.com\/?s={search_term_string}\"},\"query-input\":{\"@type\":\"PropertyValueSpecification\",\"valueRequired\":true,\"valueName\":\"search_term_string\"}}],\"inLanguage\":\"fr-FR\"}]}<\/script>\n<!-- \/ Yoast SEO plugin. -->","yoast_head_json":{"title":"L'ENTREPRISE - Lamplastic fabrique des cintres en plastique et en bois","description":"Notre gamme de cintres et d'accessoires en plastique est compl\u00e8te et permet de r\u00e9pondre aux demandes de notre client\u00e8le la plus exigeante","robots":{"index":"index","follow":"follow","max-snippet":"max-snippet:-1","max-image-preview":"max-image-preview:large","max-video-preview":"max-video-preview:-1"},"canonical":"https:\/\/www.lamphangers.com\/azienda\/","og_locale":"fr_FR","og_type":"article","og_title":"L'ENTREPRISE - Lamplastic fabrique des cintres en plastique et en bois","og_description":"Notre gamme de cintres et d'accessoires en plastique est compl\u00e8te et permet de r\u00e9pondre aux demandes de notre client\u00e8le la plus exigeante","og_url":"https:\/\/www.lamphangers.com\/azienda\/","og_site_name":"LA.M.PLASTIC","article_modified_time":"2024-01-29T12:33:46+00:00","twitter_card":"summary_large_image","twitter_misc":{"Est. reading time":"2 minutes"},"schema":{"@context":"https:\/\/schema.org","@graph":[{"@type":"WebPage","@id":"https:\/\/www.lamphangers.com\/azienda\/","url":"https:\/\/www.lamphangers.com\/azienda\/","name":"L'ENTREPRISE - Lamplastic fabrique des cintres en plastique et en bois","isPartOf":{"@id":"https:\/\/www.lamphangers.com\/#website"},"datePublished":"2015-07-02T10:45:35+00:00","dateModified":"2024-01-29T12:33:46+00:00","description":"Notre gamme de cintres et d'accessoires en plastique est compl\u00e8te et permet de r\u00e9pondre aux demandes de notre client\u00e8le la plus exigeante","breadcrumb":{"@id":"https:\/\/www.lamphangers.com\/azienda\/#breadcrumb"},"inLanguage":"fr-FR","potentialAction":[{"@type":"ReadAction","target":["https:\/\/www.lamphangers.com\/azienda\/"]}]},{"@type":"BreadcrumbList","@id":"https:\/\/www.lamphangers.com\/azienda\/#breadcrumb","itemListElement":[{"@type":"ListItem","position":1,"name":"Home","item":"https:\/\/www.lamphangers.com\/fr\/"},{"@type":"ListItem","position":2,"name":"Entreprise"}]},{"@type":"WebSite","@id":"https:\/\/www.lamphangers.com\/#website","url":"https:\/\/www.lamphangers.com\/","name":"LA.M.PLASTIC","description":"produzione appendiabiti e stampaggio materie plastiche","potentialAction":[{"@type":"SearchAction","target":{"@type":"EntryPoint","urlTemplate":"https:\/\/www.lamphangers.com\/?s={search_term_string}"},"query-input":{"@type":"PropertyValueSpecification","valueRequired":true,"valueName":"search_term_string"}}],"inLanguage":"fr-FR"}]}},"_links":{"self":[{"href":"https:\/\/www.lamphangers.com\/fr\/wp-json\/wp\/v2\/pages\/683","targetHints":{"allow":["GET"]}}],"collection":[{"href":"https:\/\/www.lamphangers.com\/fr\/wp-json\/wp\/v2\/pages"}],"about":[{"href":"https:\/\/www.lamphangers.com\/fr\/wp-json\/wp\/v2\/types\/page"}],"author":[{"embeddable":true,"href":"https:\/\/www.lamphangers.com\/fr\/wp-json\/wp\/v2\/users\/61"}],"replies":[{"embeddable":true,"href":"https:\/\/www.lamphangers.com\/fr\/wp-json\/wp\/v2\/comments?post=683"}],"version-history":[{"count":17,"href":"https:\/\/www.lamphangers.com\/fr\/wp-json\/wp\/v2\/pages\/683\/revisions"}],"predecessor-version":[{"id":2082,"href":"https:\/\/www.lamphangers.com\/fr\/wp-json\/wp\/v2\/pages\/683\/revisions\/2082"}],"wp:attachment":[{"href":"https:\/\/www.lamphangers.com\/fr\/wp-json\/wp\/v2\/media?parent=683"}],"curies":[{"name":"wp","href":"https:\/\/api.w.org\/{rel}","templated":true}]}}