{"id":2277,"date":"2015-07-28T17:21:56","date_gmt":"2015-07-28T15:21:56","guid":{"rendered":"https:\/\/www.lamphangers.com\/ganci-e-clips-per-sacchetti-2\/"},"modified":"2024-01-29T13:33:45","modified_gmt":"2024-01-29T12:33:45","slug":"crochets-et-clips-pour-sachets","status":"publish","type":"page","link":"https:\/\/www.lamphangers.com\/fr\/crochets-et-clips-pour-sachets\/","title":{"rendered":"Crochets et clips pour sachets"},"content":{"rendered":"<p>Les crochets et les clips sont des accessoires pour emballages et sont id\u00e9aux pour les rangements ordonn\u00e9s sur peu d\u2019espace. Ils conviennent \u00e0 tous les petits v\u00eatements qui peuvent \u00eatre pli\u00e9s dans un sac ou qui, \u00e0 cause des diff\u00e9rentes tailles et couleurs disponibles, requi\u00e8rent la n\u00e9cessit\u00e9 d\u2019\u00eatre conserv\u00e9s s\u00e9par\u00e9ment et d\u2019\u00eatre rep\u00e9r\u00e9s facilement: slip, maillot, d\u00e9bardeur, ensemble de sous-v\u00eatements, chaussettes, bas, etc. Petits et tr\u00e8s l\u00e9gers, ils peuvent \u00eatre r\u00e9alis\u00e9s en diff\u00e9rentes couleurs, avec ou sans autocollant ou avec un petit bouton. Les dimensions sont tr\u00e8s vari\u00e9es : il existe des largeurs allant de 18 mm \u00e0 un maximum de 160 mm et des hauteurs allant de 30 mm \u00e0 un maximum de 99 mm. Vu les dimensions r\u00e9duites, lorsqu\u2019ils sont associ\u00e9s au sachet ou au cintre en carton, ces accessoires peuvent \u00eatre suspendus ou pos\u00e9s dans un tiroir.<\/p>\n","protected":false},"excerpt":{"rendered":"<p>Les crochets et les clips sont des accessoires pour emballages et sont id\u00e9aux pour les rangements ordonn\u00e9s sur peu d\u2019espace. Ils conviennent \u00e0 tous les petits v\u00eatements qui peuvent \u00eatre pli\u00e9s dans un sac ou qui, \u00e0 cause des diff\u00e9rentes tailles et couleurs disponibles, requi\u00e8rent la n\u00e9cessit\u00e9 d\u2019\u00eatre conserv\u00e9s s\u00e9par\u00e9ment et d\u2019\u00eatre rep\u00e9r\u00e9s facilement: slip, [&hellip;]<\/p>\n","protected":false},"author":61,"featured_media":0,"parent":0,"menu_order":0,"comment_status":"closed","ping_status":"open","template":"","meta":{"footnotes":""},"class_list":["post-2277","page","type-page","status-publish","hentry"],"yoast_head":"<!-- This site is optimized with the Yoast SEO plugin v27.1.1 - https:\/\/yoast.com\/product\/yoast-seo-wordpress\/ -->\n<title>Crochets et clips pour sachets | Lamplastic<\/title>\n<meta name=\"description\" content=\"Les crochets et les clips sont des accessoires pour emballages et sont id\u00e9aux pour les rangements ordonn\u00e9s sur peu d\u2019espace.\" \/>\n<meta name=\"robots\" content=\"index, follow, max-snippet:-1, max-image-preview:large, max-video-preview:-1\" \/>\n<link rel=\"canonical\" href=\"https:\/\/www.lamphangers.com\/ganci-e-clips-per-sacchetti\/\" \/>\n<meta property=\"og:locale\" content=\"fr_FR\" \/>\n<meta property=\"og:type\" content=\"article\" \/>\n<meta property=\"og:title\" content=\"Crochets et clips pour sachets | Lamplastic\" \/>\n<meta property=\"og:description\" content=\"Les crochets et les clips sont des accessoires pour emballages et sont id\u00e9aux pour les rangements ordonn\u00e9s sur peu d\u2019espace.\" \/>\n<meta property=\"og:url\" content=\"https:\/\/www.lamphangers.com\/ganci-e-clips-per-sacchetti\/\" \/>\n<meta property=\"og:site_name\" content=\"LA.M.PLASTIC\" \/>\n<meta property=\"article:modified_time\" content=\"2024-01-29T12:33:45+00:00\" \/>\n<meta name=\"twitter:card\" content=\"summary_large_image\" \/>\n<meta name=\"twitter:label1\" content=\"Est. reading time\" \/>\n\t<meta name=\"twitter:data1\" content=\"1 minute\" \/>\n<script type=\"application\/ld+json\" class=\"yoast-schema-graph\">{\"@context\":\"https:\/\/schema.org\",\"@graph\":[{\"@type\":\"WebPage\",\"@id\":\"https:\/\/www.lamphangers.com\/ganci-e-clips-per-sacchetti\/\",\"url\":\"https:\/\/www.lamphangers.com\/ganci-e-clips-per-sacchetti\/\",\"name\":\"Crochets et clips pour sachets | Lamplastic\",\"isPartOf\":{\"@id\":\"https:\/\/www.lamphangers.com\/#website\"},\"datePublished\":\"2015-07-28T15:21:56+00:00\",\"dateModified\":\"2024-01-29T12:33:45+00:00\",\"description\":\"Les crochets et les clips sont des accessoires pour emballages et sont id\u00e9aux pour les rangements ordonn\u00e9s sur peu d\u2019espace.\",\"breadcrumb\":{\"@id\":\"https:\/\/www.lamphangers.com\/ganci-e-clips-per-sacchetti\/#breadcrumb\"},\"inLanguage\":\"fr-FR\",\"potentialAction\":[{\"@type\":\"ReadAction\",\"target\":[\"https:\/\/www.lamphangers.com\/ganci-e-clips-per-sacchetti\/\"]}]},{\"@type\":\"BreadcrumbList\",\"@id\":\"https:\/\/www.lamphangers.com\/ganci-e-clips-per-sacchetti\/#breadcrumb\",\"itemListElement\":[{\"@type\":\"ListItem\",\"position\":1,\"name\":\"Home\",\"item\":\"https:\/\/www.lamphangers.com\/fr\/\"},{\"@type\":\"ListItem\",\"position\":2,\"name\":\"Crochets et clips pour sachets\"}]},{\"@type\":\"WebSite\",\"@id\":\"https:\/\/www.lamphangers.com\/#website\",\"url\":\"https:\/\/www.lamphangers.com\/\",\"name\":\"LA.M.PLASTIC\",\"description\":\"produzione appendiabiti e stampaggio materie plastiche\",\"potentialAction\":[{\"@type\":\"SearchAction\",\"target\":{\"@type\":\"EntryPoint\",\"urlTemplate\":\"https:\/\/www.lamphangers.com\/?s={search_term_string}\"},\"query-input\":{\"@type\":\"PropertyValueSpecification\",\"valueRequired\":true,\"valueName\":\"search_term_string\"}}],\"inLanguage\":\"fr-FR\"}]}<\/script>\n<!-- \/ Yoast SEO plugin. -->","yoast_head_json":{"title":"Crochets et clips pour sachets | Lamplastic","description":"Les crochets et les clips sont des accessoires pour emballages et sont id\u00e9aux pour les rangements ordonn\u00e9s sur peu d\u2019espace.","robots":{"index":"index","follow":"follow","max-snippet":"max-snippet:-1","max-image-preview":"max-image-preview:large","max-video-preview":"max-video-preview:-1"},"canonical":"https:\/\/www.lamphangers.com\/ganci-e-clips-per-sacchetti\/","og_locale":"fr_FR","og_type":"article","og_title":"Crochets et clips pour sachets | Lamplastic","og_description":"Les crochets et les clips sont des accessoires pour emballages et sont id\u00e9aux pour les rangements ordonn\u00e9s sur peu d\u2019espace.","og_url":"https:\/\/www.lamphangers.com\/ganci-e-clips-per-sacchetti\/","og_site_name":"LA.M.PLASTIC","article_modified_time":"2024-01-29T12:33:45+00:00","twitter_card":"summary_large_image","twitter_misc":{"Est. reading time":"1 minute"},"schema":{"@context":"https:\/\/schema.org","@graph":[{"@type":"WebPage","@id":"https:\/\/www.lamphangers.com\/ganci-e-clips-per-sacchetti\/","url":"https:\/\/www.lamphangers.com\/ganci-e-clips-per-sacchetti\/","name":"Crochets et clips pour sachets | Lamplastic","isPartOf":{"@id":"https:\/\/www.lamphangers.com\/#website"},"datePublished":"2015-07-28T15:21:56+00:00","dateModified":"2024-01-29T12:33:45+00:00","description":"Les crochets et les clips sont des accessoires pour emballages et sont id\u00e9aux pour les rangements ordonn\u00e9s sur peu d\u2019espace.","breadcrumb":{"@id":"https:\/\/www.lamphangers.com\/ganci-e-clips-per-sacchetti\/#breadcrumb"},"inLanguage":"fr-FR","potentialAction":[{"@type":"ReadAction","target":["https:\/\/www.lamphangers.com\/ganci-e-clips-per-sacchetti\/"]}]},{"@type":"BreadcrumbList","@id":"https:\/\/www.lamphangers.com\/ganci-e-clips-per-sacchetti\/#breadcrumb","itemListElement":[{"@type":"ListItem","position":1,"name":"Home","item":"https:\/\/www.lamphangers.com\/fr\/"},{"@type":"ListItem","position":2,"name":"Crochets et clips pour sachets"}]},{"@type":"WebSite","@id":"https:\/\/www.lamphangers.com\/#website","url":"https:\/\/www.lamphangers.com\/","name":"LA.M.PLASTIC","description":"produzione appendiabiti e stampaggio materie plastiche","potentialAction":[{"@type":"SearchAction","target":{"@type":"EntryPoint","urlTemplate":"https:\/\/www.lamphangers.com\/?s={search_term_string}"},"query-input":{"@type":"PropertyValueSpecification","valueRequired":true,"valueName":"search_term_string"}}],"inLanguage":"fr-FR"}]}},"_links":{"self":[{"href":"https:\/\/www.lamphangers.com\/fr\/wp-json\/wp\/v2\/pages\/2277","targetHints":{"allow":["GET"]}}],"collection":[{"href":"https:\/\/www.lamphangers.com\/fr\/wp-json\/wp\/v2\/pages"}],"about":[{"href":"https:\/\/www.lamphangers.com\/fr\/wp-json\/wp\/v2\/types\/page"}],"author":[{"embeddable":true,"href":"https:\/\/www.lamphangers.com\/fr\/wp-json\/wp\/v2\/users\/61"}],"replies":[{"embeddable":true,"href":"https:\/\/www.lamphangers.com\/fr\/wp-json\/wp\/v2\/comments?post=2277"}],"version-history":[{"count":2,"href":"https:\/\/www.lamphangers.com\/fr\/wp-json\/wp\/v2\/pages\/2277\/revisions"}],"predecessor-version":[{"id":2282,"href":"https:\/\/www.lamphangers.com\/fr\/wp-json\/wp\/v2\/pages\/2277\/revisions\/2282"}],"wp:attachment":[{"href":"https:\/\/www.lamphangers.com\/fr\/wp-json\/wp\/v2\/media?parent=2277"}],"curies":[{"name":"wp","href":"https:\/\/api.w.org\/{rel}","templated":true}]}}