{"id":2190,"date":"2015-07-28T15:27:50","date_gmt":"2015-07-28T13:27:50","guid":{"rendered":"https:\/\/www.lamphangers.com\/grucce-personalizzate-2\/"},"modified":"2024-01-29T13:34:34","modified_gmt":"2024-01-29T12:34:34","slug":"personnalisations","status":"publish","type":"page","link":"https:\/\/www.lamphangers.com\/fr\/personnalisations\/","title":{"rendered":"Personnalisations"},"content":{"rendered":"<p>Tous les cintres en bois et les <strong>cintres en plastique peuvent \u00eatre personnalis\u00e9s avec le logo du client<\/strong> de diff\u00e9rentes mani\u00e8res, vu qu\u2019il s&#8217;agit d&#8217;un secteur en \u00e9volution continuelle.<br \/>\nPour les cintres en plastique, toutes les \u00e9tiquettes classiques avec impression \u00e0 plat, impression en s\u00e9rigraphie ou en relief, impression \u00e0 chaud, qui peuvent \u00eatre appliqu\u00e9es sur tous les mod\u00e8les, sont toujours \u00e0 la mode. Les formes peuvent \u00eatre diff\u00e9rentes et aller de la <strong>forme classique ovale au rectangle<\/strong>, d\u00e9tour\u00e9e en relief sur le p\u00e9rim\u00e8tre du logo ou avec l&#8217;effet loupe.<br \/>\nSur la plupart des mod\u00e8les, <strong>la personnalisation peut aussi \u00eatre effectu\u00e9e directement sur le cintre<\/strong>, \u00e0 plat ou en relief en reproduisant exactement la marque du client. Nous avons personnalis\u00e9 \u00e0 chaud des cintres totalement en velours avec un r\u00e9sultat tout \u00e0 fait original.<br \/>\nPour les cintres en bois, la personnalisation peut \u00eatre effectu\u00e9e directement au laser, en tampographie en diff\u00e9rentes couleurs, avec une plaquette en fer, ou peut \u00eatre fa\u00e7onn\u00e9e en cuir pour ceux qui recherchent une touche d&#8217;originalit\u00e9.<\/p>\n","protected":false},"excerpt":{"rendered":"<p>Tous les cintres en bois et les cintres en plastique peuvent \u00eatre personnalis\u00e9s avec le logo du client de diff\u00e9rentes mani\u00e8res, vu qu\u2019il s&#8217;agit d&#8217;un secteur en \u00e9volution continuelle. Pour les cintres en plastique, toutes les \u00e9tiquettes classiques avec impression \u00e0 plat, impression en s\u00e9rigraphie ou en relief, impression \u00e0 chaud, qui peuvent \u00eatre appliqu\u00e9es [&hellip;]<\/p>\n","protected":false},"author":61,"featured_media":0,"parent":0,"menu_order":0,"comment_status":"closed","ping_status":"open","template":"","meta":{"footnotes":""},"class_list":["post-2190","page","type-page","status-publish","hentry"],"yoast_head":"<!-- This site is optimized with the Yoast SEO plugin v27.1.1 - https:\/\/yoast.com\/product\/yoast-seo-wordpress\/ -->\n<title>Personnalisations cintres en bois et plastique - Lamplastic<\/title>\n<meta name=\"description\" content=\"Tous les cintres en bois et les cintres en plastique peuvent \u00eatre personnalis\u00e9s\" \/>\n<meta name=\"robots\" content=\"index, follow, max-snippet:-1, max-image-preview:large, max-video-preview:-1\" \/>\n<link rel=\"canonical\" href=\"https:\/\/www.lamphangers.com\/grucce-personalizzate\/\" \/>\n<meta property=\"og:locale\" content=\"fr_FR\" \/>\n<meta property=\"og:type\" content=\"article\" \/>\n<meta property=\"og:title\" content=\"Personnalisations cintres en bois et plastique - Lamplastic\" \/>\n<meta property=\"og:description\" content=\"Tous les cintres en bois et les cintres en plastique peuvent \u00eatre personnalis\u00e9s\" \/>\n<meta property=\"og:url\" content=\"https:\/\/www.lamphangers.com\/grucce-personalizzate\/\" \/>\n<meta property=\"og:site_name\" content=\"LA.M.PLASTIC\" \/>\n<meta property=\"article:modified_time\" content=\"2024-01-29T12:34:34+00:00\" \/>\n<meta name=\"twitter:card\" content=\"summary_large_image\" \/>\n<meta name=\"twitter:label1\" content=\"Est. reading time\" \/>\n\t<meta name=\"twitter:data1\" content=\"1 minute\" \/>\n<script type=\"application\/ld+json\" class=\"yoast-schema-graph\">{\"@context\":\"https:\/\/schema.org\",\"@graph\":[{\"@type\":\"WebPage\",\"@id\":\"https:\/\/www.lamphangers.com\/grucce-personalizzate\/\",\"url\":\"https:\/\/www.lamphangers.com\/grucce-personalizzate\/\",\"name\":\"Personnalisations cintres en bois et plastique - Lamplastic\",\"isPartOf\":{\"@id\":\"https:\/\/www.lamphangers.com\/#website\"},\"datePublished\":\"2015-07-28T13:27:50+00:00\",\"dateModified\":\"2024-01-29T12:34:34+00:00\",\"description\":\"Tous les cintres en bois et les cintres en plastique peuvent \u00eatre personnalis\u00e9s\",\"breadcrumb\":{\"@id\":\"https:\/\/www.lamphangers.com\/grucce-personalizzate\/#breadcrumb\"},\"inLanguage\":\"fr-FR\",\"potentialAction\":[{\"@type\":\"ReadAction\",\"target\":[\"https:\/\/www.lamphangers.com\/grucce-personalizzate\/\"]}]},{\"@type\":\"BreadcrumbList\",\"@id\":\"https:\/\/www.lamphangers.com\/grucce-personalizzate\/#breadcrumb\",\"itemListElement\":[{\"@type\":\"ListItem\",\"position\":1,\"name\":\"Home\",\"item\":\"https:\/\/www.lamphangers.com\/fr\/\"},{\"@type\":\"ListItem\",\"position\":2,\"name\":\"Personnalisations\"}]},{\"@type\":\"WebSite\",\"@id\":\"https:\/\/www.lamphangers.com\/#website\",\"url\":\"https:\/\/www.lamphangers.com\/\",\"name\":\"LA.M.PLASTIC\",\"description\":\"produzione appendiabiti e stampaggio materie plastiche\",\"potentialAction\":[{\"@type\":\"SearchAction\",\"target\":{\"@type\":\"EntryPoint\",\"urlTemplate\":\"https:\/\/www.lamphangers.com\/?s={search_term_string}\"},\"query-input\":{\"@type\":\"PropertyValueSpecification\",\"valueRequired\":true,\"valueName\":\"search_term_string\"}}],\"inLanguage\":\"fr-FR\"}]}<\/script>\n<!-- \/ Yoast SEO plugin. -->","yoast_head_json":{"title":"Personnalisations cintres en bois et plastique - Lamplastic","description":"Tous les cintres en bois et les cintres en plastique peuvent \u00eatre personnalis\u00e9s","robots":{"index":"index","follow":"follow","max-snippet":"max-snippet:-1","max-image-preview":"max-image-preview:large","max-video-preview":"max-video-preview:-1"},"canonical":"https:\/\/www.lamphangers.com\/grucce-personalizzate\/","og_locale":"fr_FR","og_type":"article","og_title":"Personnalisations cintres en bois et plastique - Lamplastic","og_description":"Tous les cintres en bois et les cintres en plastique peuvent \u00eatre personnalis\u00e9s","og_url":"https:\/\/www.lamphangers.com\/grucce-personalizzate\/","og_site_name":"LA.M.PLASTIC","article_modified_time":"2024-01-29T12:34:34+00:00","twitter_card":"summary_large_image","twitter_misc":{"Est. reading time":"1 minute"},"schema":{"@context":"https:\/\/schema.org","@graph":[{"@type":"WebPage","@id":"https:\/\/www.lamphangers.com\/grucce-personalizzate\/","url":"https:\/\/www.lamphangers.com\/grucce-personalizzate\/","name":"Personnalisations cintres en bois et plastique - Lamplastic","isPartOf":{"@id":"https:\/\/www.lamphangers.com\/#website"},"datePublished":"2015-07-28T13:27:50+00:00","dateModified":"2024-01-29T12:34:34+00:00","description":"Tous les cintres en bois et les cintres en plastique peuvent \u00eatre personnalis\u00e9s","breadcrumb":{"@id":"https:\/\/www.lamphangers.com\/grucce-personalizzate\/#breadcrumb"},"inLanguage":"fr-FR","potentialAction":[{"@type":"ReadAction","target":["https:\/\/www.lamphangers.com\/grucce-personalizzate\/"]}]},{"@type":"BreadcrumbList","@id":"https:\/\/www.lamphangers.com\/grucce-personalizzate\/#breadcrumb","itemListElement":[{"@type":"ListItem","position":1,"name":"Home","item":"https:\/\/www.lamphangers.com\/fr\/"},{"@type":"ListItem","position":2,"name":"Personnalisations"}]},{"@type":"WebSite","@id":"https:\/\/www.lamphangers.com\/#website","url":"https:\/\/www.lamphangers.com\/","name":"LA.M.PLASTIC","description":"produzione appendiabiti e stampaggio materie plastiche","potentialAction":[{"@type":"SearchAction","target":{"@type":"EntryPoint","urlTemplate":"https:\/\/www.lamphangers.com\/?s={search_term_string}"},"query-input":{"@type":"PropertyValueSpecification","valueRequired":true,"valueName":"search_term_string"}}],"inLanguage":"fr-FR"}]}},"_links":{"self":[{"href":"https:\/\/www.lamphangers.com\/fr\/wp-json\/wp\/v2\/pages\/2190","targetHints":{"allow":["GET"]}}],"collection":[{"href":"https:\/\/www.lamphangers.com\/fr\/wp-json\/wp\/v2\/pages"}],"about":[{"href":"https:\/\/www.lamphangers.com\/fr\/wp-json\/wp\/v2\/types\/page"}],"author":[{"embeddable":true,"href":"https:\/\/www.lamphangers.com\/fr\/wp-json\/wp\/v2\/users\/61"}],"replies":[{"embeddable":true,"href":"https:\/\/www.lamphangers.com\/fr\/wp-json\/wp\/v2\/comments?post=2190"}],"version-history":[{"count":3,"href":"https:\/\/www.lamphangers.com\/fr\/wp-json\/wp\/v2\/pages\/2190\/revisions"}],"predecessor-version":[{"id":5220,"href":"https:\/\/www.lamphangers.com\/fr\/wp-json\/wp\/v2\/pages\/2190\/revisions\/5220"}],"wp:attachment":[{"href":"https:\/\/www.lamphangers.com\/fr\/wp-json\/wp\/v2\/media?parent=2190"}],"curies":[{"name":"wp","href":"https:\/\/api.w.org\/{rel}","templated":true}]}}