{"id":1901,"date":"2015-07-23T17:10:33","date_gmt":"2015-07-23T15:10:33","guid":{"rendered":"https:\/\/www.lamphangers.com\/?page_id=1901"},"modified":"2024-01-29T13:34:32","modified_gmt":"2024-01-29T12:34:32","slug":"moulage-de-matieres-plastiques","status":"publish","type":"page","link":"https:\/\/www.lamphangers.com\/fr\/moulage-de-matieres-plastiques\/","title":{"rendered":"Moulage de mati\u00e8res plastiques"},"content":{"rendered":"<figure id=\"attachment_2948\" aria-describedby=\"caption-attachment-2948\" style=\"width: 325px\" class=\"wp-caption alignleft\"><a href=\"https:\/\/www.lamphangers.com\/wp-content\/uploads\/2015\/07\/materie-plastiche.jpg\"><img loading=\"lazy\" decoding=\"async\" class=\"wp-image-2948 size-full\" title=\"Moulage de mati\u00e8res plastiques\" src=\"https:\/\/www.lamphangers.com\/wp-content\/uploads\/2015\/07\/materie-plastiche.jpg\" alt=\"Moulage de mati\u00e8res plastiques\" width=\"325\" height=\"225\" srcset=\"https:\/\/www.lamphangers.com\/wp-content\/uploads\/2015\/07\/materie-plastiche.jpg 325w, https:\/\/www.lamphangers.com\/wp-content\/uploads\/2015\/07\/materie-plastiche-300x208.jpg 300w\" sizes=\"auto, (max-width: 325px) 100vw, 325px\" \/><\/a><figcaption id=\"caption-attachment-2948\" class=\"wp-caption-text\">Moulage de mati\u00e8res plastiques<\/figcaption><\/figure>\n<p>La soci\u00e9t\u00e9 L.a.m.p. snc a \u00e9t\u00e9 cr\u00e9\u00e9e en 1958 pour travailler dans le secteur du <strong>moulage des mati\u00e8res plastiques<\/strong>.<br \/>\nAu fil du temps, les technologies se sont perfectionn\u00e9es et les investissements dans des <strong>machines de plus en plus modernes<\/strong> ont permis d&#8217;obtenir une meilleure qualit\u00e9 de moulage et d&#8217;usinage des mati\u00e8res plastiques. Nous sommes \u00e0 pr\u00e9sent en mesure de mouler n&#8217;importe quel objet en <strong>mat\u00e9riau plastique de petites et moyennes dimensions<\/strong>, en satisfaisant les besoins de nos clients.<br \/>\nL.a.m.p. est toujours sensible aux probl\u00e8mes li\u00e9s \u00e0 l&#8217;environnement et est aussi \u00e9quip\u00e9e d&#8217;une unit\u00e9 qui permet de recycler les d\u00e9chets de production pour les r\u00e9utiliser comme mati\u00e8re premi\u00e8re lors du processus de production, tout en limitant les d\u00e9chets et les probl\u00e8mes d&#8217;\u00e9limination.<\/p>\n<p>Dans cette page, nous vous pr\u00e9sentons des objets en plastique que nous avons produits:<\/p>\n","protected":false},"excerpt":{"rendered":"<p>La soci\u00e9t\u00e9 L.a.m.p. snc a \u00e9t\u00e9 cr\u00e9\u00e9e en 1958 pour travailler dans le secteur du moulage des mati\u00e8res plastiques. Au fil du temps, les technologies se sont perfectionn\u00e9es et les investissements dans des machines de plus en plus modernes ont permis d&#8217;obtenir une meilleure qualit\u00e9 de moulage et d&#8217;usinage des mati\u00e8res plastiques. Nous sommes \u00e0 [&hellip;]<\/p>\n","protected":false},"author":61,"featured_media":0,"parent":0,"menu_order":0,"comment_status":"closed","ping_status":"open","template":"","meta":{"footnotes":""},"class_list":["post-1901","page","type-page","status-publish","hentry"],"yoast_head":"<!-- This site is optimized with the Yoast SEO plugin v27.1.1 - https:\/\/yoast.com\/product\/yoast-seo-wordpress\/ -->\n<title>Moulage de mati\u00e8res plastiques - LAMPLASTIC<\/title>\n<meta name=\"description\" content=\"La soci\u00e9t\u00e9 LAMPLASTIC a \u00e9t\u00e9 cr\u00e9\u00e9e en 1958 pour travailler dans le secteur du moulage des mati\u00e8res plastiques.\" \/>\n<meta name=\"robots\" content=\"index, follow, max-snippet:-1, max-image-preview:large, max-video-preview:-1\" \/>\n<link rel=\"canonical\" href=\"https:\/\/www.lamphangers.com\/fr\/moulage-de-matieres-plastiques\/\" \/>\n<meta property=\"og:locale\" content=\"fr_FR\" \/>\n<meta property=\"og:type\" content=\"article\" \/>\n<meta property=\"og:title\" content=\"Moulage de mati\u00e8res plastiques - LAMPLASTIC\" \/>\n<meta property=\"og:description\" content=\"La soci\u00e9t\u00e9 LAMPLASTIC a \u00e9t\u00e9 cr\u00e9\u00e9e en 1958 pour travailler dans le secteur du moulage des mati\u00e8res plastiques.\" \/>\n<meta property=\"og:url\" content=\"https:\/\/www.lamphangers.com\/fr\/moulage-de-matieres-plastiques\/\" \/>\n<meta property=\"og:site_name\" content=\"LA.M.PLASTIC\" \/>\n<meta property=\"article:modified_time\" content=\"2024-01-29T12:34:32+00:00\" \/>\n<meta property=\"og:image\" content=\"https:\/\/www.lamphangers.com\/wp-content\/uploads\/2015\/07\/materie-plastiche.jpg\" \/>\n\t<meta property=\"og:image:width\" content=\"325\" \/>\n\t<meta property=\"og:image:height\" content=\"225\" \/>\n\t<meta property=\"og:image:type\" content=\"image\/jpeg\" \/>\n<meta name=\"twitter:card\" content=\"summary_large_image\" \/>\n<meta name=\"twitter:label1\" content=\"Est. reading time\" \/>\n\t<meta name=\"twitter:data1\" content=\"1 minute\" \/>\n<script type=\"application\/ld+json\" class=\"yoast-schema-graph\">{\"@context\":\"https:\/\/schema.org\",\"@graph\":[{\"@type\":\"WebPage\",\"@id\":\"https:\/\/www.lamphangers.com\/fr\/moulage-de-matieres-plastiques\/\",\"url\":\"https:\/\/www.lamphangers.com\/fr\/moulage-de-matieres-plastiques\/\",\"name\":\"Moulage de mati\u00e8res plastiques - LAMPLASTIC\",\"isPartOf\":{\"@id\":\"https:\/\/www.lamphangers.com\/#website\"},\"primaryImageOfPage\":{\"@id\":\"https:\/\/www.lamphangers.com\/fr\/moulage-de-matieres-plastiques\/#primaryimage\"},\"image\":{\"@id\":\"https:\/\/www.lamphangers.com\/fr\/moulage-de-matieres-plastiques\/#primaryimage\"},\"thumbnailUrl\":\"https:\/\/www.lamphangers.com\/wp-content\/uploads\/2015\/07\/materie-plastiche.jpg\",\"datePublished\":\"2015-07-23T15:10:33+00:00\",\"dateModified\":\"2024-01-29T12:34:32+00:00\",\"description\":\"La soci\u00e9t\u00e9 LAMPLASTIC a \u00e9t\u00e9 cr\u00e9\u00e9e en 1958 pour travailler dans le secteur du moulage des mati\u00e8res plastiques.\",\"breadcrumb\":{\"@id\":\"https:\/\/www.lamphangers.com\/fr\/moulage-de-matieres-plastiques\/#breadcrumb\"},\"inLanguage\":\"fr-FR\",\"potentialAction\":[{\"@type\":\"ReadAction\",\"target\":[\"https:\/\/www.lamphangers.com\/fr\/moulage-de-matieres-plastiques\/\"]}]},{\"@type\":\"ImageObject\",\"inLanguage\":\"fr-FR\",\"@id\":\"https:\/\/www.lamphangers.com\/fr\/moulage-de-matieres-plastiques\/#primaryimage\",\"url\":\"https:\/\/www.lamphangers.com\/wp-content\/uploads\/2015\/07\/materie-plastiche.jpg\",\"contentUrl\":\"https:\/\/www.lamphangers.com\/wp-content\/uploads\/2015\/07\/materie-plastiche.jpg\"},{\"@type\":\"BreadcrumbList\",\"@id\":\"https:\/\/www.lamphangers.com\/fr\/moulage-de-matieres-plastiques\/#breadcrumb\",\"itemListElement\":[{\"@type\":\"ListItem\",\"position\":1,\"name\":\"Home\",\"item\":\"https:\/\/www.lamphangers.com\/fr\/\"},{\"@type\":\"ListItem\",\"position\":2,\"name\":\"Moulage de mati\u00e8res plastiques\"}]},{\"@type\":\"WebSite\",\"@id\":\"https:\/\/www.lamphangers.com\/#website\",\"url\":\"https:\/\/www.lamphangers.com\/\",\"name\":\"LA.M.PLASTIC\",\"description\":\"produzione appendiabiti e stampaggio materie plastiche\",\"potentialAction\":[{\"@type\":\"SearchAction\",\"target\":{\"@type\":\"EntryPoint\",\"urlTemplate\":\"https:\/\/www.lamphangers.com\/?s={search_term_string}\"},\"query-input\":{\"@type\":\"PropertyValueSpecification\",\"valueRequired\":true,\"valueName\":\"search_term_string\"}}],\"inLanguage\":\"fr-FR\"}]}<\/script>\n<!-- \/ Yoast SEO plugin. -->","yoast_head_json":{"title":"Moulage de mati\u00e8res plastiques - LAMPLASTIC","description":"La soci\u00e9t\u00e9 LAMPLASTIC a \u00e9t\u00e9 cr\u00e9\u00e9e en 1958 pour travailler dans le secteur du moulage des mati\u00e8res plastiques.","robots":{"index":"index","follow":"follow","max-snippet":"max-snippet:-1","max-image-preview":"max-image-preview:large","max-video-preview":"max-video-preview:-1"},"canonical":"https:\/\/www.lamphangers.com\/fr\/moulage-de-matieres-plastiques\/","og_locale":"fr_FR","og_type":"article","og_title":"Moulage de mati\u00e8res plastiques - LAMPLASTIC","og_description":"La soci\u00e9t\u00e9 LAMPLASTIC a \u00e9t\u00e9 cr\u00e9\u00e9e en 1958 pour travailler dans le secteur du moulage des mati\u00e8res plastiques.","og_url":"https:\/\/www.lamphangers.com\/fr\/moulage-de-matieres-plastiques\/","og_site_name":"LA.M.PLASTIC","article_modified_time":"2024-01-29T12:34:32+00:00","og_image":[{"width":325,"height":225,"url":"https:\/\/www.lamphangers.com\/wp-content\/uploads\/2015\/07\/materie-plastiche.jpg","type":"image\/jpeg"}],"twitter_card":"summary_large_image","twitter_misc":{"Est. reading time":"1 minute"},"schema":{"@context":"https:\/\/schema.org","@graph":[{"@type":"WebPage","@id":"https:\/\/www.lamphangers.com\/fr\/moulage-de-matieres-plastiques\/","url":"https:\/\/www.lamphangers.com\/fr\/moulage-de-matieres-plastiques\/","name":"Moulage de mati\u00e8res plastiques - LAMPLASTIC","isPartOf":{"@id":"https:\/\/www.lamphangers.com\/#website"},"primaryImageOfPage":{"@id":"https:\/\/www.lamphangers.com\/fr\/moulage-de-matieres-plastiques\/#primaryimage"},"image":{"@id":"https:\/\/www.lamphangers.com\/fr\/moulage-de-matieres-plastiques\/#primaryimage"},"thumbnailUrl":"https:\/\/www.lamphangers.com\/wp-content\/uploads\/2015\/07\/materie-plastiche.jpg","datePublished":"2015-07-23T15:10:33+00:00","dateModified":"2024-01-29T12:34:32+00:00","description":"La soci\u00e9t\u00e9 LAMPLASTIC a \u00e9t\u00e9 cr\u00e9\u00e9e en 1958 pour travailler dans le secteur du moulage des mati\u00e8res plastiques.","breadcrumb":{"@id":"https:\/\/www.lamphangers.com\/fr\/moulage-de-matieres-plastiques\/#breadcrumb"},"inLanguage":"fr-FR","potentialAction":[{"@type":"ReadAction","target":["https:\/\/www.lamphangers.com\/fr\/moulage-de-matieres-plastiques\/"]}]},{"@type":"ImageObject","inLanguage":"fr-FR","@id":"https:\/\/www.lamphangers.com\/fr\/moulage-de-matieres-plastiques\/#primaryimage","url":"https:\/\/www.lamphangers.com\/wp-content\/uploads\/2015\/07\/materie-plastiche.jpg","contentUrl":"https:\/\/www.lamphangers.com\/wp-content\/uploads\/2015\/07\/materie-plastiche.jpg"},{"@type":"BreadcrumbList","@id":"https:\/\/www.lamphangers.com\/fr\/moulage-de-matieres-plastiques\/#breadcrumb","itemListElement":[{"@type":"ListItem","position":1,"name":"Home","item":"https:\/\/www.lamphangers.com\/fr\/"},{"@type":"ListItem","position":2,"name":"Moulage de mati\u00e8res plastiques"}]},{"@type":"WebSite","@id":"https:\/\/www.lamphangers.com\/#website","url":"https:\/\/www.lamphangers.com\/","name":"LA.M.PLASTIC","description":"produzione appendiabiti e stampaggio materie plastiche","potentialAction":[{"@type":"SearchAction","target":{"@type":"EntryPoint","urlTemplate":"https:\/\/www.lamphangers.com\/?s={search_term_string}"},"query-input":{"@type":"PropertyValueSpecification","valueRequired":true,"valueName":"search_term_string"}}],"inLanguage":"fr-FR"}]}},"_links":{"self":[{"href":"https:\/\/www.lamphangers.com\/fr\/wp-json\/wp\/v2\/pages\/1901","targetHints":{"allow":["GET"]}}],"collection":[{"href":"https:\/\/www.lamphangers.com\/fr\/wp-json\/wp\/v2\/pages"}],"about":[{"href":"https:\/\/www.lamphangers.com\/fr\/wp-json\/wp\/v2\/types\/page"}],"author":[{"embeddable":true,"href":"https:\/\/www.lamphangers.com\/fr\/wp-json\/wp\/v2\/users\/61"}],"replies":[{"embeddable":true,"href":"https:\/\/www.lamphangers.com\/fr\/wp-json\/wp\/v2\/comments?post=1901"}],"version-history":[{"count":4,"href":"https:\/\/www.lamphangers.com\/fr\/wp-json\/wp\/v2\/pages\/1901\/revisions"}],"predecessor-version":[{"id":2958,"href":"https:\/\/www.lamphangers.com\/fr\/wp-json\/wp\/v2\/pages\/1901\/revisions\/2958"}],"wp:attachment":[{"href":"https:\/\/www.lamphangers.com\/fr\/wp-json\/wp\/v2\/media?parent=1901"}],"curies":[{"name":"wp","href":"https:\/\/api.w.org\/{rel}","templated":true}]}}